{"id":592,"date":"2023-05-10T21:58:19","date_gmt":"2023-05-11T01:58:19","guid":{"rendered":"https:\/\/iesa.edu.pa\/aceleradordepensamiento\/?page_id=592"},"modified":"2023-06-12T20:33:38","modified_gmt":"2023-06-13T00:33:38","slug":"recursos-y-eventos","status":"publish","type":"page","link":"https:\/\/iesa.edu.pa\/pensamientoiesa\/recursos-y-eventos\/","title":{"rendered":"Recursos y Eventos"},"content":{"rendered":"<p>[et_pb_section fb_built=\u00bb1&#8243; custom_padding_last_edited=\u00bbon|phone\u00bb _builder_version=\u00bb4.20.4&#8243; _module_preset=\u00bbdefault\u00bb background_image=\u00bbhttps:\/\/iesa.edu.pa\/aceleradordepensamiento\/wp-content\/uploads\/2023\/05\/image-4-1-1.png\u00bb custom_padding=\u00bb170px||170px||true|false\u00bb custom_padding_tablet=\u00bb170px||170px||true|false\u00bb custom_padding_phone=\u00bb20px||20px||true|false\u00bb global_colors_info=\u00bb{}\u00bb][et_pb_row _builder_version=\u00bb4.20.4&#8243; _module_preset=\u00bbdefault\u00bb global_colors_info=\u00bb{}\u00bb][et_pb_column type=\u00bb4_4&#8243; _builder_version=\u00bb4.20.4&#8243; _module_preset=\u00bbdefault\u00bb global_colors_info=\u00bb{}\u00bb][et_pb_text _builder_version=\u00bb4.20.4&#8243; _module_preset=\u00bbdefault\u00bb header_font=\u00bb|700|||||||\u00bb header_text_align=\u00bbcenter\u00bb header_text_color=\u00bb#FFFFFF\u00bb header_font_size=\u00bb2.5rem\u00bb header_font_size_tablet=\u00bb2.5rem\u00bb header_font_size_phone=\u00bb2.5rem\u00bb header_font_size_last_edited=\u00bbon|phone\u00bb global_colors_info=\u00bb{}\u00bb]<\/p>\n<h1>Recursos y Eventos<\/h1>\n<p>[\/et_pb_text][\/et_pb_column][\/et_pb_row][\/et_pb_section][et_pb_section fb_built=\u00bb1&#8243; custom_padding_last_edited=\u00bbon|phone\u00bb _builder_version=\u00bb4.20.4&#8243; _module_preset=\u00bbdefault\u00bb custom_padding_tablet=\u00bb0px||0px||true|false\u00bb custom_padding_phone=\u00bb0px||0px||false|false\u00bb global_colors_info=\u00bb{}\u00bb][et_pb_row _builder_version=\u00bb4.20.4&#8243; _module_preset=\u00bbdefault\u00bb width_tablet=\u00bb\u00bb width_phone=\u00bb85%\u00bb width_last_edited=\u00bbon|phone\u00bb max_width_tablet=\u00bb\u00bb max_width_phone=\u00bb100%\u00bb max_width_last_edited=\u00bbon|phone\u00bb global_colors_info=\u00bb{}\u00bb][et_pb_column type=\u00bb4_4&#8243; _builder_version=\u00bb4.20.4&#8243; _module_preset=\u00bbdefault\u00bb global_colors_info=\u00bb{}\u00bb][et_pb_text _builder_version=\u00bb4.20.4&#8243; _module_preset=\u00bbdefault\u00bb header_2_font=\u00bb|700|||||||\u00bb header_2_text_align=\u00bbleft\u00bb header_2_font_size=\u00bb1.5rem\u00bb global_colors_info=\u00bb{}\u00bb]<\/p>\n<h2>ART\u00cdCULOS<\/h2>\n<p>[\/et_pb_text][\/et_pb_column][\/et_pb_row][et_pb_row column_structure=\u00bb1_3,1_3,1_3&#8243; _builder_version=\u00bb4.20.4&#8243; _module_preset=\u00bbdefault\u00bb global_colors_info=\u00bb{}\u00bb][et_pb_column type=\u00bb1_3&#8243; _builder_version=\u00bb4.20.4&#8243; _module_preset=\u00bbdefault\u00bb global_colors_info=\u00bb{}\u00bb][et_pb_blurb title=\u00bbUn buen l\u00edder debe aprender a pensar\u00bb url=\u00bbhttp:\/\/www.debatesiesa.com\/un-buen-lider-debe-aprender-a-pensar\/\u00bb url_new_window=\u00bbon\u00bb image=\u00bbhttps:\/\/iesa.edu.pa\/aceleradordepensamiento\/wp-content\/uploads\/2023\/05\/Rectangle-3.png\u00bb content_max_width=\u00bb268px\u00bb module_id=\u00bbr1&#8243; _builder_version=\u00bb4.20.4&#8243; _module_preset=\u00bbdefault\u00bb header_font=\u00bb|700|||||||\u00bb header_font_size=\u00bb1rem\u00bb body_font_size=\u00bb0.75rem\u00bb width=\u00bb268px\u00bb max_width=\u00bb268px\u00bb module_alignment=\u00bbcenter\u00bb custom_padding=\u00bb||5%||false|false\u00bb border_radii=\u00bbon|24px|24px|24px|24px\u00bb box_shadow_style=\u00bbpreset1&#8243; box_shadow_blur=\u00bb46px\u00bb global_colors_info=\u00bb{}\u00bb]<\/p>\n<p>Por Claudia \u00c1lvarez Ortiz<\/p>\n<p>[\/et_pb_blurb][\/et_pb_column][et_pb_column type=\u00bb1_3&#8243; _builder_version=\u00bb4.20.4&#8243; _module_preset=\u00bbdefault\u00bb global_colors_info=\u00bb{}\u00bb][et_pb_blurb title=\u00bbEl pensamiento cr\u00edtico: \u00bfCu\u00e1ndo estamos en posici\u00f3n de elegir?\u00bb url=\u00bbhttp:\/\/www.debatesiesa.com\/el-pensamiento-critico-cuando-estamos-en-posicion-de-elegir\/\u00bb url_new_window=\u00bbon\u00bb image=\u00bbhttps:\/\/iesa.edu.pa\/aceleradordepensamiento\/wp-content\/uploads\/2023\/05\/Rectangle-5.png\u00bb content_max_width=\u00bb268px\u00bb module_id=\u00bbr1&#8243; _builder_version=\u00bb4.20.4&#8243; _module_preset=\u00bbdefault\u00bb header_font=\u00bb|700|||||||\u00bb header_font_size=\u00bb1rem\u00bb body_font_size=\u00bb0.75rem\u00bb width=\u00bb268px\u00bb max_width=\u00bb268px\u00bb module_alignment=\u00bbcenter\u00bb custom_padding=\u00bb||5%||false|false\u00bb border_radii=\u00bbon|24px|24px|24px|24px\u00bb box_shadow_style=\u00bbpreset1&#8243; box_shadow_blur=\u00bb46px\u00bb global_colors_info=\u00bb{}\u00bb]<\/p>\n<p>Por Claudia \u00c1lvarez Ortiz<\/p>\n<p>[\/et_pb_blurb][\/et_pb_column][et_pb_column type=\u00bb1_3&#8243; _builder_version=\u00bb4.20.4&#8243; _module_preset=\u00bbdefault\u00bb global_colors_info=\u00bb{}\u00bb][et_pb_blurb title=\u00bbUna nueva narrativa para Venezuela \u00bb url=\u00bbhttp:\/\/www.debatesiesa.com\/una-nueva-narrativa-para-venezuela\/\u00bb url_new_window=\u00bbon\u00bb image=\u00bbhttps:\/\/iesa.edu.pa\/aceleradordepensamiento\/wp-content\/uploads\/2023\/05\/Rectangle-7.png\u00bb content_max_width=\u00bb268px\u00bb module_id=\u00bbr1&#8243; _builder_version=\u00bb4.20.4&#8243; _module_preset=\u00bbdefault\u00bb header_font=\u00bb|700|||||||\u00bb header_font_size=\u00bb1rem\u00bb body_font_size=\u00bb0.75rem\u00bb width=\u00bb268px\u00bb max_width=\u00bb268px\u00bb module_alignment=\u00bbcenter\u00bb custom_padding=\u00bb||5%||false|false\u00bb border_radii=\u00bbon|24px|24px|24px|24px\u00bb box_shadow_style=\u00bbpreset1&#8243; box_shadow_blur=\u00bb46px\u00bb global_colors_info=\u00bb{}\u00bb]<\/p>\n<p>Por Claudia \u00c1lvarez Ortiz<\/p>\n<p>[\/et_pb_blurb][\/et_pb_column][\/et_pb_row][et_pb_row column_structure=\u00bb1_3,1_3,1_3&#8243; _builder_version=\u00bb4.20.4&#8243; _module_preset=\u00bbdefault\u00bb global_colors_info=\u00bb{}\u00bb][et_pb_column type=\u00bb1_3&#8243; _builder_version=\u00bb4.20.4&#8243; _module_preset=\u00bbdefault\u00bb global_colors_info=\u00bb{}\u00bb][et_pb_blurb title=\u00bbEl futuro transformador: expandir las capacidades para usar el futuro\u00bb url=\u00bbhttp:\/\/www.debatesiesa.com\/el-futuro-transformador-expandir-las-capacidades-para-usar-el-futuro\/\u00bb url_new_window=\u00bbon\u00bb image=\u00bbhttps:\/\/iesa.edu.pa\/aceleradordepensamiento\/wp-content\/uploads\/2023\/05\/Rectangle-11.png\u00bb content_max_width=\u00bb268px\u00bb module_id=\u00bbr1&#8243; _builder_version=\u00bb4.20.4&#8243; _module_preset=\u00bbdefault\u00bb header_font=\u00bb|700|||||||\u00bb header_font_size=\u00bb1rem\u00bb body_font_size=\u00bb0.75rem\u00bb width=\u00bb268px\u00bb max_width=\u00bb268px\u00bb module_alignment=\u00bbcenter\u00bb custom_padding=\u00bb||5%||false|false\u00bb border_radii=\u00bbon|24px|24px|24px|24px\u00bb box_shadow_style=\u00bbpreset1&#8243; box_shadow_blur=\u00bb46px\u00bb global_colors_info=\u00bb{}\u00bb]<\/p>\n<p>Por Claudia \u00c1lvarez Ortiz<\/p>\n<p>[\/et_pb_blurb][\/et_pb_column][et_pb_column type=\u00bb1_3&#8243; _builder_version=\u00bb4.20.4&#8243; _module_preset=\u00bbdefault\u00bb global_colors_info=\u00bb{}\u00bb][et_pb_blurb title=\u00bbLiderar en la Cuarta Revoluci\u00f3n Industrial\u00bb url=\u00bbhttp:\/\/www.debatesiesa.com\/liderar-en-la-cuarta-revolucion-industrial\/\u00bb url_new_window=\u00bbon\u00bb image=\u00bbhttps:\/\/iesa.edu.pa\/aceleradordepensamiento\/wp-content\/uploads\/2023\/05\/Rectangle-12.png\u00bb content_max_width=\u00bb268px\u00bb module_id=\u00bbr1&#8243; _builder_version=\u00bb4.20.4&#8243; _module_preset=\u00bbdefault\u00bb header_font=\u00bb|700|||||||\u00bb header_font_size=\u00bb1rem\u00bb body_font_size=\u00bb0.75rem\u00bb width=\u00bb268px\u00bb max_width=\u00bb268px\u00bb module_alignment=\u00bbcenter\u00bb custom_padding=\u00bb||5%||false|false\u00bb border_radii=\u00bbon|24px|24px|24px|24px\u00bb box_shadow_style=\u00bbpreset1&#8243; box_shadow_blur=\u00bb46px\u00bb global_colors_info=\u00bb{}\u00bb]<\/p>\n<p>Por Mar\u00eda Elena Pinto Mota<\/p>\n<p>[\/et_pb_blurb][\/et_pb_column][et_pb_column type=\u00bb1_3&#8243; _builder_version=\u00bb4.20.4&#8243; _module_preset=\u00bbdefault\u00bb global_colors_info=\u00bb{}\u00bb][et_pb_blurb title=\u00bbEl pensamiento de futuro como habilidad estrat\u00e9gica\u00bb url=\u00bbhttp:\/\/www.debatesiesa.com\/el-pensamiento-de-futuro-como-habilidad-estrategica\/\u00bb url_new_window=\u00bbon\u00bb image=\u00bbhttps:\/\/iesa.edu.pa\/aceleradordepensamiento\/wp-content\/uploads\/2023\/05\/Rectangle-13.png\u00bb content_max_width=\u00bb268px\u00bb module_id=\u00bbr1&#8243; _builder_version=\u00bb4.20.4&#8243; _module_preset=\u00bbdefault\u00bb header_font=\u00bb|700|||||||\u00bb header_font_size=\u00bb1rem\u00bb body_font_size=\u00bb0.75rem\u00bb width=\u00bb268px\u00bb max_width=\u00bb268px\u00bb module_alignment=\u00bbcenter\u00bb custom_padding=\u00bb||5%||false|false\u00bb border_radii=\u00bbon|24px|24px|24px|24px\u00bb box_shadow_style=\u00bbpreset1&#8243; box_shadow_blur=\u00bb46px\u00bb global_colors_info=\u00bb{}\u00bb]<\/p>\n<p>Por Mar\u00eda Elena Pinto Mota<\/p>\n<p>[\/et_pb_blurb][\/et_pb_column][\/et_pb_row][et_pb_row column_structure=\u00bb1_3,1_3,1_3&#8243; _builder_version=\u00bb4.20.4&#8243; _module_preset=\u00bbdefault\u00bb global_colors_info=\u00bb{}\u00bb][et_pb_column type=\u00bb1_3&#8243; _builder_version=\u00bb4.20.4&#8243; _module_preset=\u00bbdefault\u00bb global_colors_info=\u00bb{}\u00bb][et_pb_blurb title=\u00bbVenezuela a la vanguardia:  los estudios de prospectiva en los a\u00f1os setenta\u00bb url=\u00bbhttp:\/\/www.debatesiesa.com\/venezuela-a-la-vanguardia-los-estudios-de-prospectiva-en-los-anos-setenta\/\u00bb url_new_window=\u00bbon\u00bb image=\u00bbhttps:\/\/iesa.edu.pa\/aceleradordepensamiento\/wp-content\/uploads\/2023\/05\/Rectangle-17.png\u00bb content_max_width=\u00bb268px\u00bb module_id=\u00bbr1&#8243; _builder_version=\u00bb4.20.4&#8243; _module_preset=\u00bbdefault\u00bb header_font=\u00bb|700|||||||\u00bb header_font_size=\u00bb1rem\u00bb body_font_size=\u00bb0.75rem\u00bb width=\u00bb268px\u00bb max_width=\u00bb268px\u00bb module_alignment=\u00bbcenter\u00bb custom_padding=\u00bb||5%||false|false\u00bb border_radii=\u00bbon|24px|24px|24px|24px\u00bb box_shadow_style=\u00bbpreset1&#8243; box_shadow_blur=\u00bb46px\u00bb global_colors_info=\u00bb{}\u00bb]Por Gustavo Coronel[\/et_pb_blurb][\/et_pb_column][et_pb_column type=\u00bb1_3&#8243; _builder_version=\u00bb4.20.4&#8243; _module_preset=\u00bbdefault\u00bb global_colors_info=\u00bb{}\u00bb][et_pb_blurb title=\u00bbFive Principles for Thinking Like a Futurist\u00bb url=\u00bbhttps:\/\/er.educause.edu\/articles\/2019\/3\/five-principles-for-thinking-like-a-futurist\u00bb url_new_window=\u00bbon\u00bb image=\u00bbhttps:\/\/iesa.edu.pa\/aceleradordepensamiento\/wp-content\/uploads\/2023\/05\/Rectangle-18.png\u00bb content_max_width=\u00bb268px\u00bb module_id=\u00bbr1&#8243; _builder_version=\u00bb4.20.4&#8243; _module_preset=\u00bbdefault\u00bb header_font=\u00bb|700|||||||\u00bb header_font_size=\u00bb1rem\u00bb body_font_size=\u00bb0.75rem\u00bb width=\u00bb268px\u00bb max_width=\u00bb268px\u00bb module_alignment=\u00bbcenter\u00bb custom_padding=\u00bb||5%||false|false\u00bb border_radii=\u00bbon|24px|24px|24px|24px\u00bb box_shadow_style=\u00bbpreset1&#8243; box_shadow_blur=\u00bb46px\u00bb global_colors_info=\u00bb{}\u00bb]By Marina Gorbis[\/et_pb_blurb][\/et_pb_column][et_pb_column type=\u00bb1_3&#8243; _builder_version=\u00bb4.20.4&#8243; _module_preset=\u00bbdefault\u00bb global_colors_info=\u00bb{}\u00bb][et_pb_blurb title=\u00bbWhat Is \u2018Futures Literacy\u2019 and Why Is It Important?: \u00bb url=\u00bbhttps:\/\/medium.com\/copenhagen-institute-for-futures-studies\/what-is-futures-literacy-and-why-is-it-important-a27f24b983d8&#8243; url_new_window=\u00bbon\u00bb image=\u00bbhttps:\/\/iesa.edu.pa\/aceleradordepensamiento\/wp-content\/uploads\/2023\/05\/Rectangle-19.png\u00bb content_max_width=\u00bb268px\u00bb module_id=\u00bbr1&#8243; _builder_version=\u00bb4.20.4&#8243; _module_preset=\u00bbdefault\u00bb header_font=\u00bb|700|||||||\u00bb header_font_size=\u00bb1rem\u00bb body_font_size=\u00bb0.75rem\u00bb width=\u00bb268px\u00bb max_width=\u00bb268px\u00bb module_alignment=\u00bbcenter\u00bb custom_padding=\u00bb||5%||false|false\u00bb border_radii=\u00bbon|24px|24px|24px|24px\u00bb box_shadow_style=\u00bbpreset1&#8243; box_shadow_blur=\u00bb46px\u00bb global_colors_info=\u00bb{}\u00bb]<\/p>\n<p>By Nicklas Larsen<\/p>\n<p>[\/et_pb_blurb][\/et_pb_column][\/et_pb_row][et_pb_row _builder_version=\u00bb4.20.4&#8243; _module_preset=\u00bbdefault\u00bb width_tablet=\u00bb\u00bb width_phone=\u00bb85%\u00bb width_last_edited=\u00bbon|phone\u00bb max_width_tablet=\u00bb\u00bb max_width_phone=\u00bb100%\u00bb max_width_last_edited=\u00bbon|phone\u00bb global_colors_info=\u00bb{}\u00bb][et_pb_column type=\u00bb4_4&#8243; _builder_version=\u00bb4.20.4&#8243; _module_preset=\u00bbdefault\u00bb global_colors_info=\u00bb{}\u00bb][et_pb_text _builder_version=\u00bb4.20.4&#8243; _module_preset=\u00bbdefault\u00bb header_2_font=\u00bb|700|||||||\u00bb header_2_text_align=\u00bbleft\u00bb header_2_font_size=\u00bb1.5rem\u00bb global_colors_info=\u00bb{}\u00bb]<\/p>\n<h2>PODCAST<\/h2>\n<p>[\/et_pb_text][\/et_pb_column][\/et_pb_row][et_pb_row column_structure=\u00bb1_2,1_2&#8243; _builder_version=\u00bb4.20.4&#8243; _module_preset=\u00bbdefault\u00bb global_colors_info=\u00bb{}\u00bb][et_pb_column type=\u00bb1_2&#8243; _builder_version=\u00bb4.20.4&#8243; _module_preset=\u00bbdefault\u00bb global_colors_info=\u00bb{}\u00bb][et_pb_code _builder_version=\u00bb4.20.4&#8243; _module_preset=\u00bbdefault\u00bb global_colors_info=\u00bb{}\u00bb]<iframe loading=\"lazy\" src=\"https:\/\/podcasters.spotify.com\/pod\/show\/acelerador-pensamiento\/embed\/episodes\/Pensamiento-Crtico-Barreras-de-Pensamiento---La-ansiedad--miedos-y-preocupaciones-e254fr8\" height=\"102px\" width=\"100%\" frameborder=\"0\" scrolling=\"no\"><\/iframe><!-- [et_pb_line_break_holder] -->[\/et_pb_code][\/et_pb_column][et_pb_column type=\u00bb1_2&#8243; _builder_version=\u00bb4.20.4&#8243; _module_preset=\u00bbdefault\u00bb global_colors_info=\u00bb{}\u00bb][et_pb_code _builder_version=\u00bb4.20.4&#8243; _module_preset=\u00bbdefault\u00bb global_colors_info=\u00bb{}\u00bb]<iframe loading=\"lazy\" src=\"https:\/\/podcasters.spotify.com\/pod\/show\/acelerador-pensamiento\/embed\/episodes\/Pensamiento-Crtico-Barreras-de-Pensamiento---Pereza-intelectual-e254n3h\" height=\"102px\" width=\"100%\" frameborder=\"0\" scrolling=\"no\"><\/iframe><!-- [et_pb_line_break_holder] -->[\/et_pb_code][\/et_pb_column][\/et_pb_row][et_pb_row column_structure=\u00bb1_2,1_2&#8243; _builder_version=\u00bb4.20.4&#8243; _module_preset=\u00bbdefault\u00bb global_colors_info=\u00bb{}\u00bb][et_pb_column type=\u00bb1_2&#8243; _builder_version=\u00bb4.20.4&#8243; _module_preset=\u00bbdefault\u00bb global_colors_info=\u00bb{}\u00bb][et_pb_code _builder_version=\u00bb4.20.4&#8243; _module_preset=\u00bbdefault\u00bb global_colors_info=\u00bb{}\u00bb]<iframe loading=\"lazy\" src=\"https:\/\/podcasters.spotify.com\/pod\/show\/acelerador-pensamiento\/embed\/episodes\/Pensamiento-Crtico-Barreras-de-Pensamiento---Exceso-de-confianza-e254n71\" height=\"102px\" width=\"100%\" frameborder=\"0\" scrolling=\"no\"><\/iframe><!-- [et_pb_line_break_holder] -->[\/et_pb_code][\/et_pb_column][et_pb_column type=\u00bb1_2&#8243; _builder_version=\u00bb4.20.4&#8243; _module_preset=\u00bbdefault\u00bb global_colors_info=\u00bb{}\u00bb][et_pb_code _builder_version=\u00bb4.20.4&#8243; _module_preset=\u00bbdefault\u00bb global_colors_info=\u00bb{}\u00bb]<iframe loading=\"lazy\" src=\"https:\/\/podcasters.spotify.com\/pod\/show\/acelerador-pensamiento\/embed\/episodes\/Pensamiento-Crtico-Barreras-de-Pensamiento---Automatismo-e-inmediatez-e254nbi\" height=\"102px\" width=\"100%\" frameborder=\"0\" scrolling=\"no\"><\/iframe><!-- [et_pb_line_break_holder] -->[\/et_pb_code][\/et_pb_column][\/et_pb_row][et_pb_row column_structure=\u00bb1_2,1_2&#8243; _builder_version=\u00bb4.20.4&#8243; _module_preset=\u00bbdefault\u00bb global_colors_info=\u00bb{}\u00bb][et_pb_column type=\u00bb1_2&#8243; _builder_version=\u00bb4.20.4&#8243; _module_preset=\u00bbdefault\u00bb global_colors_info=\u00bb{}\u00bb][et_pb_code _builder_version=\u00bb4.20.4&#8243; _module_preset=\u00bbdefault\u00bb global_colors_info=\u00bb{}\u00bb]<iframe loading=\"lazy\" src=\"https:\/\/podcasters.spotify.com\/pod\/show\/acelerador-pensamiento\/embed\/episodes\/Pensamiento-Crtico-Qu-son-los-hbitos-de-pensamiento-e2547n2\" height=\"102px\" width=\"100%\" frameborder=\"0\" scrolling=\"no\"><\/iframe><!-- [et_pb_line_break_holder] -->[\/et_pb_code][\/et_pb_column][et_pb_column type=\u00bb1_2&#8243; _builder_version=\u00bb4.20.4&#8243; _module_preset=\u00bbdefault\u00bb global_colors_info=\u00bb{}\u00bb][et_pb_code _builder_version=\u00bb4.20.4&#8243; _module_preset=\u00bbdefault\u00bb global_colors_info=\u00bb{}\u00bb]<iframe loading=\"lazy\" src=\"https:\/\/podcasters.spotify.com\/pod\/show\/acelerador-pensamiento\/embed\/episodes\/Pensamiento-Crtico-Cules-son-tus-hbitos-de-pensamiento-e254ekc\" height=\"102px\" width=\"100%\" frameborder=\"0\" scrolling=\"no\"><\/iframe><!-- [et_pb_line_break_holder] -->[\/et_pb_code][\/et_pb_column][\/et_pb_row][et_pb_row column_structure=\u00bb1_2,1_2&#8243; _builder_version=\u00bb4.20.4&#8243; _module_preset=\u00bbdefault\u00bb global_colors_info=\u00bb{}\u00bb][et_pb_column type=\u00bb1_2&#8243; _builder_version=\u00bb4.20.4&#8243; _module_preset=\u00bbdefault\u00bb global_colors_info=\u00bb{}\u00bb][et_pb_code _builder_version=\u00bb4.20.4&#8243; _module_preset=\u00bbdefault\u00bb global_colors_info=\u00bb{}\u00bb]<iframe loading=\"lazy\" src=\"https:\/\/podcasters.spotify.com\/pod\/show\/acelerador-pensamiento\/embed\/episodes\/Pensamiento-Crtico-Cmo-hacernos-buenas-preguntas-e254f8k\" height=\"102px\" width=\"100%\" frameborder=\"0\" scrolling=\"no\"><\/iframe><!-- [et_pb_line_break_holder] -->[\/et_pb_code][\/et_pb_column][et_pb_column type=\u00bb1_2&#8243; _builder_version=\u00bb4.20.4&#8243; _module_preset=\u00bbdefault\u00bb global_colors_info=\u00bb{}\u00bb][et_pb_code _builder_version=\u00bb4.20.4&#8243; _module_preset=\u00bbdefault\u00bb global_colors_info=\u00bb{}\u00bb]<iframe loading=\"lazy\" src=\"https:\/\/podcasters.spotify.com\/pod\/show\/acelerador-pensamiento\/embed\/episodes\/Pensamiento-Crtico-Cmo-formular-a-otros-buenas-preguntas-e254ev1\" height=\"102px\" width=\"100%\" frameborder=\"0\" scrolling=\"no\"><\/iframe><!-- [et_pb_line_break_holder] -->[\/et_pb_code][\/et_pb_column][\/et_pb_row][et_pb_row column_structure=\u00bb1_2,1_2&#8243; _builder_version=\u00bb4.20.4&#8243; _module_preset=\u00bbdefault\u00bb global_colors_info=\u00bb{}\u00bb][et_pb_column type=\u00bb1_2&#8243; _builder_version=\u00bb4.20.4&#8243; _module_preset=\u00bbdefault\u00bb global_colors_info=\u00bb{}\u00bb][et_pb_code _builder_version=\u00bb4.20.4&#8243; _module_preset=\u00bbdefault\u00bb global_colors_info=\u00bb{}\u00bb]<iframe loading=\"lazy\" src=\"https:\/\/podcasters.spotify.com\/pod\/show\/acelerador-pensamiento\/embed\/episodes\/Pensamiento-Crtico-De-dnde-surgen-nuestras-conclusiones-e2547hn\" height=\"102px\" width=\"100%\" frameborder=\"0\" scrolling=\"no\"><\/iframe><!-- [et_pb_line_break_holder] -->[\/et_pb_code][\/et_pb_column][et_pb_column type=\u00bb1_2&#8243; _builder_version=\u00bb4.20.4&#8243; _module_preset=\u00bbdefault\u00bb global_colors_info=\u00bb{}\u00bb][et_pb_code _builder_version=\u00bb4.20.4&#8243; _module_preset=\u00bbdefault\u00bb global_colors_info=\u00bb{}\u00bb]<iframe loading=\"lazy\" src=\"https:\/\/podcasters.spotify.com\/pod\/show\/acelerador-pensamiento\/embed\/episodes\/Pensamiento-Crtico-Barreras-de-Pensamiento-y-cambio-de-mindset-e254fek\" height=\"102px\" width=\"100%\" frameborder=\"0\" scrolling=\"no\"><\/iframe><!-- [et_pb_line_break_holder] -->[\/et_pb_code][\/et_pb_column][\/et_pb_row][\/et_pb_section]<\/p>\n","protected":false},"excerpt":{"rendered":"<p>Recursos y EventosART\u00cdCULOSPor Claudia \u00c1lvarez OrtizPor Claudia \u00c1lvarez OrtizPor Claudia \u00c1lvarez OrtizPor Claudia \u00c1lvarez OrtizPor Mar\u00eda Elena Pinto MotaPor Mar\u00eda Elena Pinto MotaPor Gustavo CoronelBy Marina GorbisBy Nicklas LarsenPODCAST<\/p>\n","protected":false},"author":1,"featured_media":0,"parent":0,"menu_order":0,"comment_status":"closed","ping_status":"closed","template":"","meta":{"_et_pb_use_builder":"on","_et_pb_old_content":"","_et_gb_content_width":"","footnotes":""},"class_list":["post-592","page","type-page","status-publish","hentry"],"_links":{"self":[{"href":"https:\/\/iesa.edu.pa\/pensamientoiesa\/wp-json\/wp\/v2\/pages\/592","targetHints":{"allow":["GET"]}}],"collection":[{"href":"https:\/\/iesa.edu.pa\/pensamientoiesa\/wp-json\/wp\/v2\/pages"}],"about":[{"href":"https:\/\/iesa.edu.pa\/pensamientoiesa\/wp-json\/wp\/v2\/types\/page"}],"author":[{"embeddable":true,"href":"https:\/\/iesa.edu.pa\/pensamientoiesa\/wp-json\/wp\/v2\/users\/1"}],"replies":[{"embeddable":true,"href":"https:\/\/iesa.edu.pa\/pensamientoiesa\/wp-json\/wp\/v2\/comments?post=592"}],"version-history":[{"count":19,"href":"https:\/\/iesa.edu.pa\/pensamientoiesa\/wp-json\/wp\/v2\/pages\/592\/revisions"}],"predecessor-version":[{"id":685,"href":"https:\/\/iesa.edu.pa\/pensamientoiesa\/wp-json\/wp\/v2\/pages\/592\/revisions\/685"}],"wp:attachment":[{"href":"https:\/\/iesa.edu.pa\/pensamientoiesa\/wp-json\/wp\/v2\/media?parent=592"}],"curies":[{"name":"wp","href":"https:\/\/api.w.org\/{rel}","templated":true}]}}